{"id":6747,"date":"2024-04-24T22:05:39","date_gmt":"2024-04-24T20:05:39","guid":{"rendered":"https:\/\/twojaklinika.com.pl\/?page_id=6747"},"modified":"2024-04-24T22:05:39","modified_gmt":"2024-04-24T20:05:39","slug":"julia-ostrowska","status":"publish","type":"page","link":"https:\/\/twojaklinika.com.pl\/index.php\/onas\/julia-ostrowska\/","title":{"rendered":"Julia Ostrowska"},"content":{"rendered":"<p style=\"text-align: justify;\">Magister kosmetologii, przysz\u0142a absolwentka kierunku piel\u0119gniarstwo. Swoje tytu\u0142y naukowe zdobywa na UMB. W pracy skupia si\u0119 na holistycznym podej\u015bciu do pacjenta. Dwukierunkowe wykszta\u0142cenie pomaga jej w jak najlepszej ocenie stanu sk\u00f3ry pacjenta.<\/p>\n","protected":false},"excerpt":{"rendered":"<p>Magister kosmetologii, przysz\u0142a absolwentka kierunku piel\u0119gniarstwo. Swoje tytu\u0142y naukowe zdobywa na UMB. W pracy skupia si\u0119 na holistycznym podej\u015bciu do pacjenta. Dwukierunkowe wykszta\u0142cenie pomaga jej w jak najlepszej ocenie stanu sk\u00f3ry pacjenta.<\/p>\n","protected":false},"author":1,"featured_media":0,"parent":5592,"menu_order":0,"comment_status":"closed","ping_status":"closed","template":"","meta":{"_et_pb_use_builder":"","_et_pb_old_content":"","_et_gb_content_width":"","footnotes":""},"class_list":["post-6747","page","type-page","status-publish","hentry"],"aioseo_notices":[],"_links":{"self":[{"href":"https:\/\/twojaklinika.com.pl\/index.php\/wp-json\/wp\/v2\/pages\/6747","targetHints":{"allow":["GET"]}}],"collection":[{"href":"https:\/\/twojaklinika.com.pl\/index.php\/wp-json\/wp\/v2\/pages"}],"about":[{"href":"https:\/\/twojaklinika.com.pl\/index.php\/wp-json\/wp\/v2\/types\/page"}],"author":[{"embeddable":true,"href":"https:\/\/twojaklinika.com.pl\/index.php\/wp-json\/wp\/v2\/users\/1"}],"replies":[{"embeddable":true,"href":"https:\/\/twojaklinika.com.pl\/index.php\/wp-json\/wp\/v2\/comments?post=6747"}],"version-history":[{"count":1,"href":"https:\/\/twojaklinika.com.pl\/index.php\/wp-json\/wp\/v2\/pages\/6747\/revisions"}],"predecessor-version":[{"id":6748,"href":"https:\/\/twojaklinika.com.pl\/index.php\/wp-json\/wp\/v2\/pages\/6747\/revisions\/6748"}],"up":[{"embeddable":true,"href":"https:\/\/twojaklinika.com.pl\/index.php\/wp-json\/wp\/v2\/pages\/5592"}],"wp:attachment":[{"href":"https:\/\/twojaklinika.com.pl\/index.php\/wp-json\/wp\/v2\/media?parent=6747"}],"curies":[{"name":"wp","href":"https:\/\/api.w.org\/{rel}","templated":true}]}}