{"id":6741,"date":"2024-04-24T21:59:58","date_gmt":"2024-04-24T19:59:58","guid":{"rendered":"https:\/\/twojaklinika.com.pl\/?page_id=6741"},"modified":"2024-04-24T22:02:55","modified_gmt":"2024-04-24T20:02:55","slug":"lek-dominik-siergiejko","status":"publish","type":"page","link":"https:\/\/twojaklinika.com.pl\/index.php\/onas\/lek-dominik-siergiejko\/","title":{"rendered":"lek. Dominik Siergiejko"},"content":{"rendered":"<div>\n<div style=\"text-align: justify;\">Absolwent Uniwersytetu Medycznego w Bia\u0142ymstoku, cz\u0142onek Polskiego Towarzystwa Chor\u00f3b P\u0142uc, regularnie aktualizuj\u0119 swoj\u0105 wiedz\u0119 bior\u0105c udzia\u0142 w zjazdach specjalistycznych i kursach doskonal\u0105cych. Odby\u0142em szkolenie specjalizacyjne z chor\u00f3b wewn\u0119trznych w Klinice Reumatologii i Chor\u00f3b Wewn\u0119trznych USK w B-stoku, nast\u0119pnie szkolenie z pulmunologii w II Klinice Chor\u00f3b P\u0142uc i Gru\u017alicy USK w B-stoku oraz sta\u017c w Centrum Pulmunologii i Torakochirugii w Bystrej. Zawodowo zajmuj\u0119 si\u0119 diagnostyk\u0105 w warunkach szpitalnych i ambulatoryjnych schorze\u0144 uk\u0142adu oddechowego (szczeg\u00f3lnie: choroby obturacyjne, \u015br\u00f3dmi\u0105\u017cszowe, guzy p\u0142uca), w tym wykonuj\u0119 badania czynno\u015bciowe i endoskopowe.<\/div>\n<\/div>\n","protected":false},"excerpt":{"rendered":"<p>Absolwent Uniwersytetu Medycznego w Bia\u0142ymstoku, cz\u0142onek Polskiego Towarzystwa Chor\u00f3b P\u0142uc, regularnie aktualizuj\u0119 swoj\u0105 wiedz\u0119 bior\u0105c udzia\u0142 w zjazdach specjalistycznych i kursach doskonal\u0105cych. Odby\u0142em szkolenie specjalizacyjne z chor\u00f3b wewn\u0119trznych w Klinice Reumatologii i Chor\u00f3b Wewn\u0119trznych USK w B-stoku, nast\u0119pnie szkolenie z pulmunologii w II Klinice Chor\u00f3b P\u0142uc i Gru\u017alicy USK w [&hellip;]<\/p>\n","protected":false},"author":1,"featured_media":0,"parent":5592,"menu_order":0,"comment_status":"closed","ping_status":"closed","template":"","meta":{"_et_pb_use_builder":"","_et_pb_old_content":"","_et_gb_content_width":"","footnotes":""},"class_list":["post-6741","page","type-page","status-publish","hentry"],"aioseo_notices":[],"_links":{"self":[{"href":"https:\/\/twojaklinika.com.pl\/index.php\/wp-json\/wp\/v2\/pages\/6741","targetHints":{"allow":["GET"]}}],"collection":[{"href":"https:\/\/twojaklinika.com.pl\/index.php\/wp-json\/wp\/v2\/pages"}],"about":[{"href":"https:\/\/twojaklinika.com.pl\/index.php\/wp-json\/wp\/v2\/types\/page"}],"author":[{"embeddable":true,"href":"https:\/\/twojaklinika.com.pl\/index.php\/wp-json\/wp\/v2\/users\/1"}],"replies":[{"embeddable":true,"href":"https:\/\/twojaklinika.com.pl\/index.php\/wp-json\/wp\/v2\/comments?post=6741"}],"version-history":[{"count":3,"href":"https:\/\/twojaklinika.com.pl\/index.php\/wp-json\/wp\/v2\/pages\/6741\/revisions"}],"predecessor-version":[{"id":6744,"href":"https:\/\/twojaklinika.com.pl\/index.php\/wp-json\/wp\/v2\/pages\/6741\/revisions\/6744"}],"up":[{"embeddable":true,"href":"https:\/\/twojaklinika.com.pl\/index.php\/wp-json\/wp\/v2\/pages\/5592"}],"wp:attachment":[{"href":"https:\/\/twojaklinika.com.pl\/index.php\/wp-json\/wp\/v2\/media?parent=6741"}],"curies":[{"name":"wp","href":"https:\/\/api.w.org\/{rel}","templated":true}]}}