{"id":6720,"date":"2023-11-01T23:55:17","date_gmt":"2023-11-01T22:55:17","guid":{"rendered":"https:\/\/twojaklinika.com.pl\/?page_id=6720"},"modified":"2023-11-02T00:11:11","modified_gmt":"2023-11-01T23:11:11","slug":"karolina-lopatowicz","status":"publish","type":"page","link":"https:\/\/twojaklinika.com.pl\/index.php\/onas\/karolina-lopatowicz\/","title":{"rendered":"Karolina \u0141opatowicz"},"content":{"rendered":"<p style=\"text-align: center;\"><strong>kosmetologia<\/strong><\/p>\n<p>Absolwentka Spo\u0142ecznej Akademii Nauk w Warszawie na kierunku kosmetologia.<\/p>\n<p>Specjalizuje si\u0119 w zabiegach na twarz i cia\u0142o. Rozwija swoje pasje o kwestie tworzenia formulacji. Poza kosmetologi\u0105 uwielbia fotografowanie.<\/p>\n","protected":false},"excerpt":{"rendered":"<p>kosmetologia Absolwentka Spo\u0142ecznej Akademii Nauk w Warszawie na kierunku kosmetologia. Specjalizuje si\u0119 w zabiegach na twarz i cia\u0142o. Rozwija swoje pasje o kwestie tworzenia formulacji. Poza kosmetologi\u0105 uwielbia fotografowanie.<\/p>\n","protected":false},"author":1,"featured_media":0,"parent":5592,"menu_order":0,"comment_status":"closed","ping_status":"closed","template":"","meta":{"_et_pb_use_builder":"","_et_pb_old_content":"","_et_gb_content_width":"","footnotes":""},"class_list":["post-6720","page","type-page","status-publish","hentry"],"aioseo_notices":[],"_links":{"self":[{"href":"https:\/\/twojaklinika.com.pl\/index.php\/wp-json\/wp\/v2\/pages\/6720","targetHints":{"allow":["GET"]}}],"collection":[{"href":"https:\/\/twojaklinika.com.pl\/index.php\/wp-json\/wp\/v2\/pages"}],"about":[{"href":"https:\/\/twojaklinika.com.pl\/index.php\/wp-json\/wp\/v2\/types\/page"}],"author":[{"embeddable":true,"href":"https:\/\/twojaklinika.com.pl\/index.php\/wp-json\/wp\/v2\/users\/1"}],"replies":[{"embeddable":true,"href":"https:\/\/twojaklinika.com.pl\/index.php\/wp-json\/wp\/v2\/comments?post=6720"}],"version-history":[{"count":1,"href":"https:\/\/twojaklinika.com.pl\/index.php\/wp-json\/wp\/v2\/pages\/6720\/revisions"}],"predecessor-version":[{"id":6721,"href":"https:\/\/twojaklinika.com.pl\/index.php\/wp-json\/wp\/v2\/pages\/6720\/revisions\/6721"}],"up":[{"embeddable":true,"href":"https:\/\/twojaklinika.com.pl\/index.php\/wp-json\/wp\/v2\/pages\/5592"}],"wp:attachment":[{"href":"https:\/\/twojaklinika.com.pl\/index.php\/wp-json\/wp\/v2\/media?parent=6720"}],"curies":[{"name":"wp","href":"https:\/\/api.w.org\/{rel}","templated":true}]}}