{"id":6704,"date":"2023-08-24T13:16:28","date_gmt":"2023-08-24T11:16:28","guid":{"rendered":"https:\/\/twojaklinika.com.pl\/?page_id=6704"},"modified":"2025-06-20T10:36:30","modified_gmt":"2025-06-20T08:36:30","slug":"cennik-2","status":"publish","type":"page","link":"https:\/\/twojaklinika.com.pl\/index.php\/cennik-2\/","title":{"rendered":"Cennik"},"content":{"rendered":"<p><a href=\"https:\/\/twojaklinika.com.pl\/index.php\/cennik-2\/cennik-kosmetologiczny\/\">Cennik kosmetologiczny &gt;&gt;&gt;<\/a><\/p>\n<p><a href=\"https:\/\/twojaklinika.com.pl\/index.php\/cennik-2\/cennik-medyczny\/\">Cennik medyczny &gt;&gt;&gt;<\/a><\/p>\n<p>&nbsp;<\/p>\n<hr \/>\n<p><strong>* wszystkie ceny podane w cenniku s\u0105 cenami za jeden zabieg, chyba \u017ce zaznaczono inaczej<\/strong><\/p>\n<p>TWOJA KLINIKA zastrzega, \u017ce cennik ma charakter informacyjny i nie stanowi oferty w rozumieniu przepis\u00f3w Kodeksu cywilnego. W przypadku wyst\u0105pienia rozbie\u017cno\u015bci pomi\u0119dzy informacjami zamieszczonymi w cenniku, a uzyskanymi bezpo\u015brednio w TWOJEJ KLINICE wi\u0105\u017c\u0105ce dla stron s\u0105 indywidualne ustalenia uzyskane w TWOJEJ KLINICE.<\/p>\n<p><strong>Warunkiem zarezerwowania zabiegu, kt\u00f3rego koszt przekracza 5 tys. z\u0142 jest wp\u0142ata przez Pacjenta zadatku w wysoko\u015bci 50 % ceny zabiegu. Wysoko\u015b\u0107 zadatku ulega zwrotowi je\u015bli podczas konsultacji w Klinice Lekarz nie zakwalifikuje Pacjenta do zabiegu lub w przypadku choroby, zdarzenia losowego po przed\u0142o\u017ceniu stosownego za\u015bwiadczenia.<\/strong><\/p>\n","protected":false},"excerpt":{"rendered":"<p>Cennik kosmetologiczny &gt;&gt;&gt; Cennik medyczny &gt;&gt;&gt; &nbsp; * wszystkie ceny podane w cenniku s\u0105 cenami za jeden zabieg, chyba \u017ce zaznaczono inaczej TWOJA KLINIKA zastrzega, \u017ce cennik ma charakter informacyjny i nie stanowi oferty w rozumieniu przepis\u00f3w Kodeksu cywilnego. W przypadku wyst\u0105pienia rozbie\u017cno\u015bci pomi\u0119dzy informacjami zamieszczonymi w cenniku, a uzyskanymi [&hellip;]<\/p>\n","protected":false},"author":1,"featured_media":0,"parent":0,"menu_order":0,"comment_status":"closed","ping_status":"closed","template":"","meta":{"_et_pb_use_builder":"","_et_pb_old_content":"","_et_gb_content_width":"","footnotes":""},"class_list":["post-6704","page","type-page","status-publish","hentry"],"aioseo_notices":[],"_links":{"self":[{"href":"https:\/\/twojaklinika.com.pl\/index.php\/wp-json\/wp\/v2\/pages\/6704","targetHints":{"allow":["GET"]}}],"collection":[{"href":"https:\/\/twojaklinika.com.pl\/index.php\/wp-json\/wp\/v2\/pages"}],"about":[{"href":"https:\/\/twojaklinika.com.pl\/index.php\/wp-json\/wp\/v2\/types\/page"}],"author":[{"embeddable":true,"href":"https:\/\/twojaklinika.com.pl\/index.php\/wp-json\/wp\/v2\/users\/1"}],"replies":[{"embeddable":true,"href":"https:\/\/twojaklinika.com.pl\/index.php\/wp-json\/wp\/v2\/comments?post=6704"}],"version-history":[{"count":7,"href":"https:\/\/twojaklinika.com.pl\/index.php\/wp-json\/wp\/v2\/pages\/6704\/revisions"}],"predecessor-version":[{"id":6775,"href":"https:\/\/twojaklinika.com.pl\/index.php\/wp-json\/wp\/v2\/pages\/6704\/revisions\/6775"}],"wp:attachment":[{"href":"https:\/\/twojaklinika.com.pl\/index.php\/wp-json\/wp\/v2\/media?parent=6704"}],"curies":[{"name":"wp","href":"https:\/\/api.w.org\/{rel}","templated":true}]}}