{"id":6644,"date":"2022-12-28T16:58:12","date_gmt":"2022-12-28T15:58:12","guid":{"rendered":"https:\/\/twojaklinika.com.pl\/?page_id=6644"},"modified":"2022-12-28T16:58:12","modified_gmt":"2022-12-28T15:58:12","slug":"lek-michal-ryn","status":"publish","type":"page","link":"https:\/\/twojaklinika.com.pl\/index.php\/onas\/lek-michal-ryn\/","title":{"rendered":"Lek. Micha\u0142 Ry\u0144"},"content":{"rendered":"<div style=\"text-align: justify;\">Lek. Micha\u0142 Ry\u0144 jest absolwentem wydzia\u0142u lekarskiego Uniwersytetu Medycznego w Bia\u0142ymstoku. Na codzie\u0144 pracuje jako lekarz oraz asystent dydaktyczny w Klinice Perinatologii USK oraz Uniwersyteckim Centrum Onkologii USK. Cz\u0142onek Polskiego Towarzystwa Ginekolog\u00f3w i Po\u0142o\u017cnik\u00f3w, Polskiego Towarzystwa Ginekologii Onkologicznej, European Society of Gynaecological Oncology. Odby\u0142 liczne sta\u017ce i szkolenia z zakresu chirurgii miednicy mniejszej a tak\u017ce ginekologii estetycznej\u00a0<a href=\"http:\/\/m.in\/\"><u>m.in<\/u><\/a>. u dr Rafa\u0142a Ku\u017alika.<\/div>\n<div style=\"text-align: justify;\"><\/div>\n<div style=\"text-align: justify;\">Lekarz kt\u00f3ry m\u00f3wi o sobie, \u017ce nie przepracowa\u0142 w swoim \u017cyciu zawodowym jeszcze ani jednego dnia &#8211; gdy si\u0119 kocha to co si\u0119 robi, to praca staje si\u0119 hobby a nie zawodem. Cechuje si\u0119 indywidualnym podej\u015bciem do pacjentek, zwraca szczeg\u00f3ln\u0105 uwag\u0119 na komfort i interes pacjenta z kt\u00f3rym wsp\u00f3\u0142pracuje.<\/div>\n<div class=\"default-style\" style=\"text-align: justify;\"><\/div>\n<div style=\"text-align: justify;\">Obszarem zainteresowa\u0144 w zakresie ginekologii estetycznej s\u0105 zabiegi przy u\u017cyciu lasera, osocza bogatop\u0142ytkowego czy te\u017c najnowszej technologii \u0142\u0105cz\u0105cej dzia\u0142anie ultrad\u017awi\u0119k\u00f3w i fali radiowej (RF), BTL Exilis Ultra Femme. 8-minutowy lifting pochwy poprawia zdrowie, jak i uj\u0119drnia i obkurcza pochw\u0119 po porodach. Wykonuje zabiegi z u\u017cyciem kwasu hialuronowego oraz osocza bogatop\u0142ytkowego podnosz\u0105c jako\u015b\u0107 \u017cycia intymnego swoich pacjentek (o-shot, g-shot, augmentacja punktu G).<\/div>\n","protected":false},"excerpt":{"rendered":"<p>Lek. Micha\u0142 Ry\u0144 jest absolwentem wydzia\u0142u lekarskiego Uniwersytetu Medycznego w Bia\u0142ymstoku. Na codzie\u0144 pracuje jako lekarz oraz asystent dydaktyczny w Klinice Perinatologii USK oraz Uniwersyteckim Centrum Onkologii USK. Cz\u0142onek Polskiego Towarzystwa Ginekolog\u00f3w i Po\u0142o\u017cnik\u00f3w, Polskiego Towarzystwa Ginekologii Onkologicznej, European Society of Gynaecological Oncology. Odby\u0142 liczne sta\u017ce i szkolenia z zakresu [&hellip;]<\/p>\n","protected":false},"author":1,"featured_media":0,"parent":5592,"menu_order":0,"comment_status":"closed","ping_status":"closed","template":"","meta":{"_et_pb_use_builder":"","_et_pb_old_content":"","_et_gb_content_width":"","footnotes":""},"class_list":["post-6644","page","type-page","status-publish","hentry"],"aioseo_notices":[],"_links":{"self":[{"href":"https:\/\/twojaklinika.com.pl\/index.php\/wp-json\/wp\/v2\/pages\/6644","targetHints":{"allow":["GET"]}}],"collection":[{"href":"https:\/\/twojaklinika.com.pl\/index.php\/wp-json\/wp\/v2\/pages"}],"about":[{"href":"https:\/\/twojaklinika.com.pl\/index.php\/wp-json\/wp\/v2\/types\/page"}],"author":[{"embeddable":true,"href":"https:\/\/twojaklinika.com.pl\/index.php\/wp-json\/wp\/v2\/users\/1"}],"replies":[{"embeddable":true,"href":"https:\/\/twojaklinika.com.pl\/index.php\/wp-json\/wp\/v2\/comments?post=6644"}],"version-history":[{"count":1,"href":"https:\/\/twojaklinika.com.pl\/index.php\/wp-json\/wp\/v2\/pages\/6644\/revisions"}],"predecessor-version":[{"id":6645,"href":"https:\/\/twojaklinika.com.pl\/index.php\/wp-json\/wp\/v2\/pages\/6644\/revisions\/6645"}],"up":[{"embeddable":true,"href":"https:\/\/twojaklinika.com.pl\/index.php\/wp-json\/wp\/v2\/pages\/5592"}],"wp:attachment":[{"href":"https:\/\/twojaklinika.com.pl\/index.php\/wp-json\/wp\/v2\/media?parent=6644"}],"curies":[{"name":"wp","href":"https:\/\/api.w.org\/{rel}","templated":true}]}}