{"id":6430,"date":"2021-03-12T12:12:22","date_gmt":"2021-03-12T11:12:22","guid":{"rendered":"https:\/\/twojaklinika.com.pl\/?page_id=6430"},"modified":"2021-03-12T12:12:22","modified_gmt":"2021-03-12T11:12:22","slug":"julita-gulko","status":"publish","type":"page","link":"https:\/\/twojaklinika.com.pl\/index.php\/onas\/julita-gulko\/","title":{"rendered":"Julita Gulko"},"content":{"rendered":"<p style=\"text-align: justify;\">Julita Gulko ukonczyla studia magisterskie na Wydziale Farmaceutycznym z Oddzia\u0142em Medycyny Laboratoryjnej Uniwersytetu Medycznego w Bia\u0142ymstoku na kierunku Kosmetologia. Specjalizuje si\u0119 w zabiegach na twarz. Jej ulubionymi zabiegami s\u0105 zabiegi rewitalizuj\u0105ce sk\u00f3r\u0119 oraz przeciwstarzeniowe. Do obszaru jej zainteresowa\u0144 nale\u017cy te\u017c trychologia.<\/p>\n<p style=\"text-align: justify;\">Zaw\u00f3d kosmetologa ceni za sta\u0142e mo\u017cliwo\u015bci rozwoju. Na bie\u017c\u0105co \u015bledzi nowinki kosmetologiczne.<\/p>\n<p style=\"text-align: justify;\">W pracy stawia na indywidualne i holistyczne podej\u015bcie do ka\u017cdego pacjenta. Jej zdaniem zabiegi wykonywane w gabinecie nie przynios\u0105 po\u017c\u0105danych efekt\u00f3w bez odpowiednio dobranej piel\u0119gnacji domowej.<\/p>\n<p style=\"text-align: justify;\">Jest r\u00f3wnie\u017c nauczycielem wyk\u0142adowc\u0105 oraz instruktorem w zakresie kosmetologii praktycznej.<\/p>\n","protected":false},"excerpt":{"rendered":"<p>Julita Gulko ukonczyla studia magisterskie na Wydziale Farmaceutycznym z Oddzia\u0142em Medycyny Laboratoryjnej Uniwersytetu Medycznego w Bia\u0142ymstoku na kierunku Kosmetologia. Specjalizuje si\u0119 w zabiegach na twarz. Jej ulubionymi zabiegami s\u0105 zabiegi rewitalizuj\u0105ce sk\u00f3r\u0119 oraz przeciwstarzeniowe. Do obszaru jej zainteresowa\u0144 nale\u017cy te\u017c trychologia. Zaw\u00f3d kosmetologa ceni za sta\u0142e mo\u017cliwo\u015bci rozwoju. Na bie\u017c\u0105co [&hellip;]<\/p>\n","protected":false},"author":1,"featured_media":0,"parent":5592,"menu_order":0,"comment_status":"closed","ping_status":"closed","template":"","meta":{"_et_pb_use_builder":"","_et_pb_old_content":"","_et_gb_content_width":"","footnotes":""},"class_list":["post-6430","page","type-page","status-publish","hentry"],"aioseo_notices":[],"_links":{"self":[{"href":"https:\/\/twojaklinika.com.pl\/index.php\/wp-json\/wp\/v2\/pages\/6430","targetHints":{"allow":["GET"]}}],"collection":[{"href":"https:\/\/twojaklinika.com.pl\/index.php\/wp-json\/wp\/v2\/pages"}],"about":[{"href":"https:\/\/twojaklinika.com.pl\/index.php\/wp-json\/wp\/v2\/types\/page"}],"author":[{"embeddable":true,"href":"https:\/\/twojaklinika.com.pl\/index.php\/wp-json\/wp\/v2\/users\/1"}],"replies":[{"embeddable":true,"href":"https:\/\/twojaklinika.com.pl\/index.php\/wp-json\/wp\/v2\/comments?post=6430"}],"version-history":[{"count":1,"href":"https:\/\/twojaklinika.com.pl\/index.php\/wp-json\/wp\/v2\/pages\/6430\/revisions"}],"predecessor-version":[{"id":6431,"href":"https:\/\/twojaklinika.com.pl\/index.php\/wp-json\/wp\/v2\/pages\/6430\/revisions\/6431"}],"up":[{"embeddable":true,"href":"https:\/\/twojaklinika.com.pl\/index.php\/wp-json\/wp\/v2\/pages\/5592"}],"wp:attachment":[{"href":"https:\/\/twojaklinika.com.pl\/index.php\/wp-json\/wp\/v2\/media?parent=6430"}],"curies":[{"name":"wp","href":"https:\/\/api.w.org\/{rel}","templated":true}]}}