{"id":6405,"date":"2020-12-06T13:25:38","date_gmt":"2020-12-06T12:25:38","guid":{"rendered":"https:\/\/twojaklinika.com.pl\/?page_id=6405"},"modified":"2020-12-06T13:26:29","modified_gmt":"2020-12-06T12:26:29","slug":"dr-n-med-renata-roszkowska","status":"publish","type":"page","link":"https:\/\/twojaklinika.com.pl\/index.php\/onas\/dr-n-med-renata-roszkowska\/","title":{"rendered":"Dr n. med. Renata Roszkowska"},"content":{"rendered":"<p style=\"text-align: center;\"><strong>pediatria<br \/>\nNr PWZ: 2508803<\/strong><\/p>\n<p>Dr Renata Roszkowska uko\u0144czy\u0142a studia na Wydziale Lekarskim Uniwersytetu Medycznego w Bia\u0142ymstoku w 2009 roku. Po odbyciu sta\u017cu podyplomowego w Uniwersyteckim Szpitalu Klinicznym w Bia\u0142ymstoku w latach 2009 \u2013 2010, rozpocz\u0119\u0142a prac\u0119 na etacie rezydenckim w Klinice Pediatrii i Nefrologii Uniwersyteckiego Dzieci\u0119cego Szpitala Klinicznego w Bia\u0142ymstoku. Studia specjalizacyjne w dziedzinie pediatrii odbywa\u0142a w latach 2010 \u2013 2015. W 2015 roku uzyska\u0142a tytu\u0142 doktora nauk medycznych po obronie rozprawy doktorskiej pt. \u201cWp\u0142yw karmienia piersi\u0105 na parametry rozwoju fizycznego i wyk\u0142adniki uszkodzenia \u015br\u00f3db\u0142onka naczyniowego u dzieci\u201d, kt\u00f3ra otrzyma\u0142a wyr\u00f3\u017cnienie Rady Wydzia\u0142u Lekarskiego UMB.<\/p>\n<p style=\"text-align: justify;\">Jest wsp\u00f3\u0142autorem wielu oryginalnych prac i komunikat\u00f3w zjazdowych w dziedzinie pediatrii i nefrologii dzieci\u0119cej. Za osi\u0105gni\u0119cia naukowe w 2013 roku nagrodzona przez Rektora UMB. Jest cz\u0142onkiem Polskiego Towarzystwa Pediatrycznego.<\/p>\n<p><strong>Zainteresowania dr Renaty Roszkowskiej<\/strong><\/p>\n<p>dr Roszkowska interesuje si\u0119 tematyk\u0105 programowania metabolicznego, zagadnieniami gastroenterologii i nefrologii dzieci\u0119cej. Udziela porad medycznych z zakresu:<\/p>\n<ul>\n<li>leczenia zaka\u017ce\u0144 uk\u0142adu moczowego<\/li>\n<li>leczenia zaburze\u0144 oddawania moczu i moczenia nocnego<\/li>\n<li>leczenia kamicy uk\u0142adu moczowego<\/li>\n<li>wst\u0119pnej diagnostyki krwinkomoczu i bia\u0142komoczu<\/li>\n<li>\u017cywienia dziecka<\/li>\n<li>leczenia b\u00f3l\u00f3w brzucha i objaw\u00f3w dyspeptycznych<\/li>\n<li>leczenia zaburze\u0144 oddawania stolca, ostrych i przewlek\u0142ych biegunek<\/li>\n<li>leczenia zaburze\u0144 motoryki przewodu pokarmowego (w tym refluksu \u017co\u0142\u0105dkowo-prze\u0142ykowego, zespo\u0142u jelita dra\u017cliwego, zapar\u0107 stolca)<\/li>\n<li>leczenia infekcji uk\u0142adu oddechowego<\/li>\n<\/ul>\n<p>W codziennej pracy kieruje si\u0119 przede wszystkim dobrem Dziecka i szacunkiem do Niego. Jej mottem jest sentencja zaczerpni\u0119ta z tw\u00f3rczo\u015bci J. Korczaka:<\/p>\n<p><em>\u201eDziecko jest jutrem. Ono b\u0119dzie pracownikiem, b\u0119dzie obywatelem, b\u0119dzie prawodawc\u0105, ale czeka\u0107 trzeba. Cierpliwie czeka\u0107. Czujnie czeka\u0107 (\u2026). Trzeba u\u015bwiadomi\u0107 sobie wag\u0119, ci\u0119\u017car sprawy \u2013 warto\u015b\u0107 jej, cen\u0119\u2026\u201d<\/em><\/p>\n","protected":false},"excerpt":{"rendered":"<p>pediatria Nr PWZ: 2508803 Dr Renata Roszkowska uko\u0144czy\u0142a studia na Wydziale Lekarskim Uniwersytetu Medycznego w Bia\u0142ymstoku w 2009 roku. Po odbyciu sta\u017cu podyplomowego w Uniwersyteckim Szpitalu Klinicznym w Bia\u0142ymstoku w latach 2009 \u2013 2010, rozpocz\u0119\u0142a prac\u0119 na etacie rezydenckim w Klinice Pediatrii i Nefrologii Uniwersyteckiego Dzieci\u0119cego Szpitala Klinicznego w Bia\u0142ymstoku. [&hellip;]<\/p>\n","protected":false},"author":1,"featured_media":0,"parent":5592,"menu_order":0,"comment_status":"closed","ping_status":"closed","template":"","meta":{"_et_pb_use_builder":"","_et_pb_old_content":"","_et_gb_content_width":"","footnotes":""},"class_list":["post-6405","page","type-page","status-publish","hentry"],"aioseo_notices":[],"_links":{"self":[{"href":"https:\/\/twojaklinika.com.pl\/index.php\/wp-json\/wp\/v2\/pages\/6405","targetHints":{"allow":["GET"]}}],"collection":[{"href":"https:\/\/twojaklinika.com.pl\/index.php\/wp-json\/wp\/v2\/pages"}],"about":[{"href":"https:\/\/twojaklinika.com.pl\/index.php\/wp-json\/wp\/v2\/types\/page"}],"author":[{"embeddable":true,"href":"https:\/\/twojaklinika.com.pl\/index.php\/wp-json\/wp\/v2\/users\/1"}],"replies":[{"embeddable":true,"href":"https:\/\/twojaklinika.com.pl\/index.php\/wp-json\/wp\/v2\/comments?post=6405"}],"version-history":[{"count":2,"href":"https:\/\/twojaklinika.com.pl\/index.php\/wp-json\/wp\/v2\/pages\/6405\/revisions"}],"predecessor-version":[{"id":6408,"href":"https:\/\/twojaklinika.com.pl\/index.php\/wp-json\/wp\/v2\/pages\/6405\/revisions\/6408"}],"up":[{"embeddable":true,"href":"https:\/\/twojaklinika.com.pl\/index.php\/wp-json\/wp\/v2\/pages\/5592"}],"wp:attachment":[{"href":"https:\/\/twojaklinika.com.pl\/index.php\/wp-json\/wp\/v2\/media?parent=6405"}],"curies":[{"name":"wp","href":"https:\/\/api.w.org\/{rel}","templated":true}]}}