{"id":6391,"date":"2020-12-06T13:20:49","date_gmt":"2020-12-06T12:20:49","guid":{"rendered":"https:\/\/twojaklinika.com.pl\/?page_id=6391"},"modified":"2020-12-06T13:21:42","modified_gmt":"2020-12-06T12:21:42","slug":"lek-pawel-kozlowski","status":"publish","type":"page","link":"https:\/\/twojaklinika.com.pl\/index.php\/onas\/lek-pawel-kozlowski\/","title":{"rendered":"lek. Pawe\u0142 Koz\u0142owski"},"content":{"rendered":"<p style=\"text-align: center;\"><strong>choroby zaka\u017ane<\/strong><\/p>\n<p style=\"text-align: justify;\"><strong>Lek. med. Pawe\u0142 Koz\u0142owski<\/strong> jest absolwentem Bia\u0142ostockiego Uniwersytetu Medycznego z 2008 roku. Po zako\u0144czeniu studi\u00f3w medycznych i odbyciu podyplomowego sta\u017cu rozpocz\u0105\u0142 specjalizacj\u0119\u00a0 w dziedzinie chor\u00f3b zaka\u017anych, kt\u00f3r\u0105 uzyska\u0142 po pomy\u015blnym z\u0142o\u017ceniu egzaminu w 2015 roku. Aktywnie dzia\u0142a na polu naukowym, publikuj\u0105c w\u0142asne artyku\u0142y, komunikaty zjazdowe. Jest r\u00f3wnie\u017c\u00a0wsp\u00f3\u0142autorem rozpraw naukowych, w tym m.in. publikacji w Przegl\u0105dzie Epidemiologicznym pt.: \u201cThe justification for the early introduction of antiretroviral therapy in patients living with HIV\u201d, \u201cWyst\u0119powanie genotyp\u00f3w HCV i polimorfizmu SNP rs 12979860 w\u015br\u00f3d zaka\u017conych HCV p\u00f3\u0142nocno-wschodniej Polski\u201d czy materia\u0142\u00f3w, jakie ukaza\u0142y si\u0119 na \u0142amach Post\u0119pu Nauk Medycznych pt.: \u201cSerum cystatin C in chronic liver disorders \u2013 not a simple marker of renal function impairment\u201d oraz w innych periodykach medycznych.<\/p>\n<p style=\"text-align: justify;\">Doktor Koz\u0142owski czynnie uczestniczy w konferencjach naukowych i sympozjach, kt\u00f3re odbywaj\u0105 si\u0119 zar\u00f3wno w kraju, jak i poza jego granicami. Jest cz\u0142onkiem Polskiego Towarzystwa Hepatologicznego (PTH) i Oddzia\u0142u Bia\u0142ostockiego Polskiego Towarzystwa Epidemiolog\u00f3w i Lekarzy Chor\u00f3b Zaka\u017anych (PTEiLChZ).<\/p>\n<p style=\"text-align: justify;\">Obecnie pracuje w Klinice Chor\u00f3b Zaka\u017anych i Hepatologii UM w Bia\u0142ymstoku oraz w trakcie swojej pracy przyjmowa\u0142 pacjent\u00f3w w Poradni Chor\u00f3b Tropikalnych z Punktem Szczepie\u0144, Poradni Chor\u00f3b W\u0105troby, Punkcie Interferonowym, a obecnie w Poradni Chor\u00f3b Zaka\u017anych.<\/p>\n<p style=\"text-align: justify;\">Prywatnie jest wielkim mi\u0142o\u015bnikiem tropikalnych podr\u00f3\u017cy w rejony Azji Po\u0142udniowo-Wschodniej.<\/p>\n<p style=\"text-align: justify;\"><strong>Zabiegi, w kt\u00f3rych specjalizuje si\u0119 lek. P. Koz\u0142owski<\/strong><\/p>\n<p style=\"text-align: justify;\">Lek. med. Pawe\u0142 Koz\u0142owski udziela porad i konsultacji pacjentom wymagaj\u0105cym pomocy specjalisty z zakresu chor\u00f3b zaka\u017anych, chor\u00f3b w\u0105troby. Doktor Koz\u0142owski kwalifikuje i wykonuje szczepienia dla os\u00f3b podr\u00f3\u017cuj\u0105cych do rejon\u00f3w odmiennych klimatycznie o podwy\u017cszonym ryzyku chor\u00f3b zaka\u017anych i tropikalnych, pracuj\u0105cych w warunkach niebezpiecznych dla zdrowia. Ponadto udziela porad pacjentom wybieraj\u0105cym si\u0119 w tropikalne rejony.<\/p>\n","protected":false},"excerpt":{"rendered":"<p>choroby zaka\u017ane Lek. med. Pawe\u0142 Koz\u0142owski jest absolwentem Bia\u0142ostockiego Uniwersytetu Medycznego z 2008 roku. Po zako\u0144czeniu studi\u00f3w medycznych i odbyciu podyplomowego sta\u017cu rozpocz\u0105\u0142 specjalizacj\u0119\u00a0 w dziedzinie chor\u00f3b zaka\u017anych, kt\u00f3r\u0105 uzyska\u0142 po pomy\u015blnym z\u0142o\u017ceniu egzaminu w 2015 roku. Aktywnie dzia\u0142a na polu naukowym, publikuj\u0105c w\u0142asne artyku\u0142y, komunikaty zjazdowe. Jest r\u00f3wnie\u017c\u00a0wsp\u00f3\u0142autorem rozpraw [&hellip;]<\/p>\n","protected":false},"author":1,"featured_media":0,"parent":5592,"menu_order":0,"comment_status":"closed","ping_status":"closed","template":"","meta":{"_et_pb_use_builder":"","_et_pb_old_content":"","_et_gb_content_width":"","footnotes":""},"class_list":["post-6391","page","type-page","status-publish","hentry"],"aioseo_notices":[],"_links":{"self":[{"href":"https:\/\/twojaklinika.com.pl\/index.php\/wp-json\/wp\/v2\/pages\/6391","targetHints":{"allow":["GET"]}}],"collection":[{"href":"https:\/\/twojaklinika.com.pl\/index.php\/wp-json\/wp\/v2\/pages"}],"about":[{"href":"https:\/\/twojaklinika.com.pl\/index.php\/wp-json\/wp\/v2\/types\/page"}],"author":[{"embeddable":true,"href":"https:\/\/twojaklinika.com.pl\/index.php\/wp-json\/wp\/v2\/users\/1"}],"replies":[{"embeddable":true,"href":"https:\/\/twojaklinika.com.pl\/index.php\/wp-json\/wp\/v2\/comments?post=6391"}],"version-history":[{"count":2,"href":"https:\/\/twojaklinika.com.pl\/index.php\/wp-json\/wp\/v2\/pages\/6391\/revisions"}],"predecessor-version":[{"id":6394,"href":"https:\/\/twojaklinika.com.pl\/index.php\/wp-json\/wp\/v2\/pages\/6391\/revisions\/6394"}],"up":[{"embeddable":true,"href":"https:\/\/twojaklinika.com.pl\/index.php\/wp-json\/wp\/v2\/pages\/5592"}],"wp:attachment":[{"href":"https:\/\/twojaklinika.com.pl\/index.php\/wp-json\/wp\/v2\/media?parent=6391"}],"curies":[{"name":"wp","href":"https:\/\/api.w.org\/{rel}","templated":true}]}}