{"id":6375,"date":"2020-12-06T13:13:02","date_gmt":"2020-12-06T12:13:02","guid":{"rendered":"https:\/\/twojaklinika.com.pl\/?page_id=6375"},"modified":"2020-12-06T13:14:42","modified_gmt":"2020-12-06T12:14:42","slug":"dr-n-med-marta-komarowska","status":"publish","type":"page","link":"https:\/\/twojaklinika.com.pl\/index.php\/onas\/dr-n-med-marta-komarowska\/","title":{"rendered":"Dr n. med. Marta Komarowska"},"content":{"rendered":"<p style=\"text-align: center;\">Chirurgia dzieci\u0119ca<br \/>\nMedycyna estetyczna<br \/>\n<strong>Specjalista w dziedzinie chirurgii dzieci\u0119cej<br \/>\n<\/strong><strong>nr PWZ: 2408150<\/strong><\/p>\n<p style=\"text-align: justify;\">Absolwentka, a obecnie wyk\u0142adowca Uniwersytetu Medycznego w Bia\u0142ymstoku. Jest asystentem w Klinice Chirurgii i Urologii Dzieci\u0119cej Uniwersyteckiego Dzieci\u0119cego Szpitala Klinicznego w Bia\u0142ymstoku. Pani Doktor jest autorem i wsp\u00f3\u0142autorem licznych prac naukowych. Zosta\u0142a Laureatk\u0105 Nagrody Ministra Zdrowia za dotychczasowe osi\u0105gni\u0119cia naukowe. Jest specjalist\u0105 w dziedzinie chirurgii dzieci\u0119cej, a aktualnie jest w trakcie kolejnej specjalizacji z chirurgii onkologicznej. Obecnie tak\u017ce s\u0142uchaczka Podyplomowej Szko\u0142y Medycyny Estetycznej w Warszawie.<\/p>\n<p style=\"text-align: justify;\">Wykonuje zabiegi:<\/p>\n<ul>\n<li style=\"text-align: justify;\">w zakresie tzw. ma\u0142ej chirurgii m. in. usuwanie \u0142agodnych zmian (znamion, kaszak\u00f3w i t\u0142uszczak\u00f3w), laserow\u0105 korekcj\u0119\u00a0 wrastaj\u0105cego paznokcia, pobieranie pobranie wycinka ze zmiany sk\u00f3rnej lub b\u0142ony \u015bluzowej,<\/li>\n<li style=\"text-align: justify;\">laseroterapi\u0119 zmian sk\u00f3rnych w tym zmian naczyniowych, blizn,<\/li>\n<li style=\"text-align: justify;\">medycyny estetycznej ( z u\u017cyciem botoksu, wype\u0142niaczy, mezoterapii, osocza PRP, laseroterapii)<\/li>\n<\/ul>\n","protected":false},"excerpt":{"rendered":"<p>Chirurgia dzieci\u0119ca Medycyna estetyczna Specjalista w dziedzinie chirurgii dzieci\u0119cej nr PWZ: 2408150 Absolwentka, a obecnie wyk\u0142adowca Uniwersytetu Medycznego w Bia\u0142ymstoku. Jest asystentem w Klinice Chirurgii i Urologii Dzieci\u0119cej Uniwersyteckiego Dzieci\u0119cego Szpitala Klinicznego w Bia\u0142ymstoku. Pani Doktor jest autorem i wsp\u00f3\u0142autorem licznych prac naukowych. Zosta\u0142a Laureatk\u0105 Nagrody Ministra Zdrowia za dotychczasowe [&hellip;]<\/p>\n","protected":false},"author":1,"featured_media":0,"parent":5592,"menu_order":0,"comment_status":"closed","ping_status":"closed","template":"","meta":{"_et_pb_use_builder":"","_et_pb_old_content":"","_et_gb_content_width":"","footnotes":""},"class_list":["post-6375","page","type-page","status-publish","hentry"],"aioseo_notices":[],"_links":{"self":[{"href":"https:\/\/twojaklinika.com.pl\/index.php\/wp-json\/wp\/v2\/pages\/6375","targetHints":{"allow":["GET"]}}],"collection":[{"href":"https:\/\/twojaklinika.com.pl\/index.php\/wp-json\/wp\/v2\/pages"}],"about":[{"href":"https:\/\/twojaklinika.com.pl\/index.php\/wp-json\/wp\/v2\/types\/page"}],"author":[{"embeddable":true,"href":"https:\/\/twojaklinika.com.pl\/index.php\/wp-json\/wp\/v2\/users\/1"}],"replies":[{"embeddable":true,"href":"https:\/\/twojaklinika.com.pl\/index.php\/wp-json\/wp\/v2\/comments?post=6375"}],"version-history":[{"count":3,"href":"https:\/\/twojaklinika.com.pl\/index.php\/wp-json\/wp\/v2\/pages\/6375\/revisions"}],"predecessor-version":[{"id":6379,"href":"https:\/\/twojaklinika.com.pl\/index.php\/wp-json\/wp\/v2\/pages\/6375\/revisions\/6379"}],"up":[{"embeddable":true,"href":"https:\/\/twojaklinika.com.pl\/index.php\/wp-json\/wp\/v2\/pages\/5592"}],"wp:attachment":[{"href":"https:\/\/twojaklinika.com.pl\/index.php\/wp-json\/wp\/v2\/media?parent=6375"}],"curies":[{"name":"wp","href":"https:\/\/api.w.org\/{rel}","templated":true}]}}