{"id":6368,"date":"2020-12-06T13:06:35","date_gmt":"2020-12-06T12:06:35","guid":{"rendered":"https:\/\/twojaklinika.com.pl\/?page_id=6368"},"modified":"2020-12-06T13:07:35","modified_gmt":"2020-12-06T12:07:35","slug":"dr-n-med-paulina-kiluk","status":"publish","type":"page","link":"https:\/\/twojaklinika.com.pl\/index.php\/onas\/dr-n-med-paulina-kiluk\/","title":{"rendered":"Dr n. med. Paulina Kiluk"},"content":{"rendered":"<p style=\"text-align: center;\"><strong>Nr PWZ: 2632115<\/strong><\/p>\n<p style=\"text-align: justify;\">Lekarz Paulina Kiluk jest absolwentk\u0105 Wydzia\u0142u Lekarskiego Uniwersytetu Medycznego w Bia\u0142ymstoku. Specjalizuje si\u0119 w dziedzinie dermatologii i wenerologii od 2012 r. Poza prac\u0105 kliniczn\u0105 w Klinice Dermatologii i Wenerologii w Bia\u0142ymstoku rozwija si\u0119 na polu naukowo- dydaktycznym jako asystent UMB prowadz\u0105c zaj\u0119cia ze studentami wydzia\u0142u lekarskiego oraz lekarsko-dentystycznego.<\/p>\n<p style=\"text-align: justify;\">Cz\u0142onek Oddzia\u0142u Bia\u0142ostockiego Polskiego Towarzystwa Dermatologicznego oraz sekcji Dermatologii Dzieci\u0119cej PTD.<\/p>\n<p style=\"text-align: justify;\">Wiedz\u0119 i umiej\u0119tno\u015bci praktyczne w zakresie dermatologii lek. Kiluk zawdzi\u0119cza uczestnictwu w wielu renomowanych kursach i szkoleniach. Bierze czynny udzia\u0142 w konferencjach i sympozjach naukowych, gdzie jest autorem komunikat\u00f3w zjazdowych, a tak\u017ce publikuje prace w czasopismach medycznych.<\/p>\n<p style=\"text-align: justify;\">Lek. Paulina Kiluk jest do\u015bwiadczonym specjalist\u0105 i praktykiem. Jej profesjonalizm i wyj\u0105tkowe podej\u015bcie do pacjent\u00f3w s\u0105 jej ogromnym atutem.<\/p>\n<p style=\"text-align: justify;\">Stale poszerza swoj\u0105 wiedz\u0119 w zakresie dermatologii czynnie uczestnicz\u0105c w szkoleniach i warsztatach.<\/p>\n<p style=\"text-align: justify;\"><strong>Zabiegi, w kt\u00f3rych specjalizuje si\u0119 lek. Paulina Kiluk<\/strong><\/p>\n<p style=\"text-align: justify;\">Przedmiotem szczeg\u00f3lnych zainteresowa\u0144 zawodowych lek Kiluk jest <strong>leczenie \u0142uszczycy<\/strong>. By wspom\u00f3c ten proces Twoja Klinika oferuje <strong>Lampy Ledowe<\/strong>\u2013 jedyne takie w p\u00f3lnocno-wschodniej cz\u0119\u015bci Polski. Badania kliniczne dowodz\u0105, \u017ce uzupe\u0142nienie \u015bwiat\u0142em LED farmakologicznej terapii przeciw\u0142uszczycowej przynosi zaskakuj\u0105co dobre efekty.<\/p>\n<p style=\"text-align: justify;\">Ponadto lek. Kiluk w swojej praktyce dermatologicznej zajmuje si\u0119 leczeniem m.in. tr\u0105dziku zwyk\u0142ego i r\u00f3\u017cowatego, \u0142ojotokowego zapalenia sk\u00f3ry, chor\u00f3b alergicznych sk\u00f3ry i grzybic. Posiada r\u00f3wnie\u017c do\u015bwiadczenie w wykorzystaniu laseroterapii w praktyce dermatologicznej.<\/p>\n","protected":false},"excerpt":{"rendered":"<p>Nr PWZ: 2632115 Lekarz Paulina Kiluk jest absolwentk\u0105 Wydzia\u0142u Lekarskiego Uniwersytetu Medycznego w Bia\u0142ymstoku. Specjalizuje si\u0119 w dziedzinie dermatologii i wenerologii od 2012 r. Poza prac\u0105 kliniczn\u0105 w Klinice Dermatologii i Wenerologii w Bia\u0142ymstoku rozwija si\u0119 na polu naukowo- dydaktycznym jako asystent UMB prowadz\u0105c zaj\u0119cia ze studentami wydzia\u0142u lekarskiego oraz [&hellip;]<\/p>\n","protected":false},"author":1,"featured_media":0,"parent":5592,"menu_order":0,"comment_status":"closed","ping_status":"closed","template":"","meta":{"_et_pb_use_builder":"","_et_pb_old_content":"","_et_gb_content_width":"","footnotes":""},"class_list":["post-6368","page","type-page","status-publish","hentry"],"aioseo_notices":[],"_links":{"self":[{"href":"https:\/\/twojaklinika.com.pl\/index.php\/wp-json\/wp\/v2\/pages\/6368","targetHints":{"allow":["GET"]}}],"collection":[{"href":"https:\/\/twojaklinika.com.pl\/index.php\/wp-json\/wp\/v2\/pages"}],"about":[{"href":"https:\/\/twojaklinika.com.pl\/index.php\/wp-json\/wp\/v2\/types\/page"}],"author":[{"embeddable":true,"href":"https:\/\/twojaklinika.com.pl\/index.php\/wp-json\/wp\/v2\/users\/1"}],"replies":[{"embeddable":true,"href":"https:\/\/twojaklinika.com.pl\/index.php\/wp-json\/wp\/v2\/comments?post=6368"}],"version-history":[{"count":2,"href":"https:\/\/twojaklinika.com.pl\/index.php\/wp-json\/wp\/v2\/pages\/6368\/revisions"}],"predecessor-version":[{"id":6371,"href":"https:\/\/twojaklinika.com.pl\/index.php\/wp-json\/wp\/v2\/pages\/6368\/revisions\/6371"}],"up":[{"embeddable":true,"href":"https:\/\/twojaklinika.com.pl\/index.php\/wp-json\/wp\/v2\/pages\/5592"}],"wp:attachment":[{"href":"https:\/\/twojaklinika.com.pl\/index.php\/wp-json\/wp\/v2\/media?parent=6368"}],"curies":[{"name":"wp","href":"https:\/\/api.w.org\/{rel}","templated":true}]}}