{"id":6363,"date":"2020-12-06T13:02:00","date_gmt":"2020-12-06T12:02:00","guid":{"rendered":"https:\/\/twojaklinika.com.pl\/?page_id=6363"},"modified":"2020-12-06T13:03:14","modified_gmt":"2020-12-06T12:03:14","slug":"dr-n-med-tomasz-kononczuk","status":"publish","type":"page","link":"https:\/\/twojaklinika.com.pl\/index.php\/onas\/dr-n-med-tomasz-kononczuk\/","title":{"rendered":"Dr n. med. Tomasz Kono\u0144czuk"},"content":{"rendered":"<p style=\"text-align: center;\"><strong>medycyna estetyczna<br \/>\nnr PWZ: 2407719<\/strong><\/p>\n<p style=\"text-align: justify;\">Lek. Tomasz Kono\u0144czuk uko\u0144czy\u0142 studia na Uniwersytecie Medycznym w Bia\u0142ymstoku w 2005 roku. W 2012 roku uko\u0144czy\u0142 studia podyplomowe w zakresie medycyny estetycznej na Uniwersytecie Medycznym w Warszawie. Jest wsp\u00f3\u0142za\u0142o\u017cycielem i dyrektorem medycznym Twojej Kliniki oraz za\u0142o\u017cycielem oraz cz\u0142onkiem zarz\u0105du Polskiego Towarzystwa Lekarzy Medycyny Estetycznej \u201cPOLME\u201d.<\/p>\n<p style=\"text-align: justify;\">Praktyk\u0119 w dziedzinie medycyny estetycznej zdobywa\u0142 podczas szkole\u0144 i kurs\u00f3w w renomowanych klinikach medycyny estetycznej i anti-aging. Uczestniczy\u0142 w licznych kursach i szkoleniach z tego zakresu. Uko\u0144czy\u0142 m. in. szkolenie w zakresie zaawansowanych technik iniekcji toksyny botulinowej, zastosowanie kwasu hialuronowego w wype\u0142niaczach estetycznych, szkolenie z zakresu starzenia si\u0119 sk\u00f3ry oraz metod nieinwazyjnego likwidowania objaw\u00f3w starzenia, kurs zaawansowanych technik stosowania wype\u0142niacza dermatologicznego do korekcji tkanki mi\u0119kkiej oraz szkolenie w zakresie w\u0142a\u015bciwej kwalifikacji pacjenta do zabiegu toksyn\u0105 botulinow\u0105.<\/p>\n<p style=\"text-align: justify;\">Jest r\u00f3wnie\u017c ekspertem w zakresie laserowego usuwania tatua\u017cy i laserowego usuwania przebarwie\u0144<\/p>\n<p style=\"text-align: justify;\">Poznane techniki zabiegowe z zakresu medycyny estetycznej lek. Kono\u0144czuk wykorzystuje w swojej codziennej pracy z pacjentami.<\/p>\n<p style=\"text-align: justify;\"><strong>Zabiegi, w kt\u00f3rych specjalizuje si\u0119 dr Tomasz Kono\u0144czuk<\/strong><\/p>\n<p style=\"text-align: justify;\">Przedmiotem szczeg\u00f3lnych zainteresowa\u0144 zawodowych lek. Kono\u0144czuka s\u0105 zabiegi z wykorzystaniem <strong>toksyny botulinowej i kwasu hialuronowego oraz zabiegi odm\u0142adzaj\u0105ce z u\u017cyciem wch\u0142anianych nici Aptos. <\/strong><\/p>\n<p style=\"text-align: justify;\">Dodatkowo lek. \u00a0Kono\u0144czuk odnosi sukcesy w <strong>usuwaniu tatua\u017cy oraz w leczeniu przebarwie\u0144<\/strong> przy wykorzystaniu najnowszego lasera Fotona Q-Switched.<\/p>\n","protected":false},"excerpt":{"rendered":"<p>medycyna estetyczna nr PWZ: 2407719 Lek. Tomasz Kono\u0144czuk uko\u0144czy\u0142 studia na Uniwersytecie Medycznym w Bia\u0142ymstoku w 2005 roku. W 2012 roku uko\u0144czy\u0142 studia podyplomowe w zakresie medycyny estetycznej na Uniwersytecie Medycznym w Warszawie. Jest wsp\u00f3\u0142za\u0142o\u017cycielem i dyrektorem medycznym Twojej Kliniki oraz za\u0142o\u017cycielem oraz cz\u0142onkiem zarz\u0105du Polskiego Towarzystwa Lekarzy Medycyny Estetycznej [&hellip;]<\/p>\n","protected":false},"author":1,"featured_media":0,"parent":5592,"menu_order":0,"comment_status":"closed","ping_status":"closed","template":"","meta":{"_et_pb_use_builder":"","_et_pb_old_content":"","_et_gb_content_width":"","footnotes":""},"class_list":["post-6363","page","type-page","status-publish","hentry"],"aioseo_notices":[],"_links":{"self":[{"href":"https:\/\/twojaklinika.com.pl\/index.php\/wp-json\/wp\/v2\/pages\/6363","targetHints":{"allow":["GET"]}}],"collection":[{"href":"https:\/\/twojaklinika.com.pl\/index.php\/wp-json\/wp\/v2\/pages"}],"about":[{"href":"https:\/\/twojaklinika.com.pl\/index.php\/wp-json\/wp\/v2\/types\/page"}],"author":[{"embeddable":true,"href":"https:\/\/twojaklinika.com.pl\/index.php\/wp-json\/wp\/v2\/users\/1"}],"replies":[{"embeddable":true,"href":"https:\/\/twojaklinika.com.pl\/index.php\/wp-json\/wp\/v2\/comments?post=6363"}],"version-history":[{"count":3,"href":"https:\/\/twojaklinika.com.pl\/index.php\/wp-json\/wp\/v2\/pages\/6363\/revisions"}],"predecessor-version":[{"id":6366,"href":"https:\/\/twojaklinika.com.pl\/index.php\/wp-json\/wp\/v2\/pages\/6363\/revisions\/6366"}],"up":[{"embeddable":true,"href":"https:\/\/twojaklinika.com.pl\/index.php\/wp-json\/wp\/v2\/pages\/5592"}],"wp:attachment":[{"href":"https:\/\/twojaklinika.com.pl\/index.php\/wp-json\/wp\/v2\/media?parent=6363"}],"curies":[{"name":"wp","href":"https:\/\/api.w.org\/{rel}","templated":true}]}}