{"id":6359,"date":"2020-12-06T12:59:39","date_gmt":"2020-12-06T11:59:39","guid":{"rendered":"https:\/\/twojaklinika.com.pl\/?page_id=6359"},"modified":"2020-12-06T13:01:13","modified_gmt":"2020-12-06T12:01:13","slug":"dr-hab-n-med-marek-niczyporuk","status":"publish","type":"page","link":"https:\/\/twojaklinika.com.pl\/index.php\/onas\/dr-hab-n-med-marek-niczyporuk\/","title":{"rendered":"Dr hab. n. med. Marek Niczyporuk"},"content":{"rendered":"<p style=\"text-align: center;\"><strong>specjalista w zakresie dermatologii i wenerologii<br \/>\nnr PWZ 2199206<\/strong><\/p>\n<p style=\"text-align: justify;\">Specjalista dermatolog-wenerolog z ponad 10-letnim do\u015bwiadczeniem. Jest wyk\u0142adowc\u0105 i pracownikiem Samodzielnej Pracowni Medycyny Estetycznej Uniwersytetu Medycznego w Bia\u0142ymstoku. Regularnie poszerza swoj\u0105 wiedz\u0119 z zakresu dermatologii, dermatochirurgii i medycyny estetycznej w kraju i zagranic\u0105. Jest autorem i wsp\u00f3\u0142autorem podr\u0119cznik\u00f3w i ponad 30 prac naukowych poruszaj\u0105cych tematyk\u0119 proces\u00f3w fotostarzenia i nowotworzenia w sk\u00f3rze, a tak\u017ce mo\u017cliwo\u015bci zapobiegania tym procesom. Swoj\u0105 wiedz\u0119 wykorzystuje w codziennej praktyce.<\/p>\n","protected":false},"excerpt":{"rendered":"<p>specjalista w zakresie dermatologii i wenerologii nr PWZ 2199206 Specjalista dermatolog-wenerolog z ponad 10-letnim do\u015bwiadczeniem. Jest wyk\u0142adowc\u0105 i pracownikiem Samodzielnej Pracowni Medycyny Estetycznej Uniwersytetu Medycznego w Bia\u0142ymstoku. Regularnie poszerza swoj\u0105 wiedz\u0119 z zakresu dermatologii, dermatochirurgii i medycyny estetycznej w kraju i zagranic\u0105. Jest autorem i wsp\u00f3\u0142autorem podr\u0119cznik\u00f3w i ponad 30 [&hellip;]<\/p>\n","protected":false},"author":1,"featured_media":0,"parent":5592,"menu_order":0,"comment_status":"closed","ping_status":"closed","template":"","meta":{"_et_pb_use_builder":"","_et_pb_old_content":"","_et_gb_content_width":"","footnotes":""},"class_list":["post-6359","page","type-page","status-publish","hentry"],"aioseo_notices":[],"_links":{"self":[{"href":"https:\/\/twojaklinika.com.pl\/index.php\/wp-json\/wp\/v2\/pages\/6359","targetHints":{"allow":["GET"]}}],"collection":[{"href":"https:\/\/twojaklinika.com.pl\/index.php\/wp-json\/wp\/v2\/pages"}],"about":[{"href":"https:\/\/twojaklinika.com.pl\/index.php\/wp-json\/wp\/v2\/types\/page"}],"author":[{"embeddable":true,"href":"https:\/\/twojaklinika.com.pl\/index.php\/wp-json\/wp\/v2\/users\/1"}],"replies":[{"embeddable":true,"href":"https:\/\/twojaklinika.com.pl\/index.php\/wp-json\/wp\/v2\/comments?post=6359"}],"version-history":[{"count":1,"href":"https:\/\/twojaklinika.com.pl\/index.php\/wp-json\/wp\/v2\/pages\/6359\/revisions"}],"predecessor-version":[{"id":6360,"href":"https:\/\/twojaklinika.com.pl\/index.php\/wp-json\/wp\/v2\/pages\/6359\/revisions\/6360"}],"up":[{"embeddable":true,"href":"https:\/\/twojaklinika.com.pl\/index.php\/wp-json\/wp\/v2\/pages\/5592"}],"wp:attachment":[{"href":"https:\/\/twojaklinika.com.pl\/index.php\/wp-json\/wp\/v2\/media?parent=6359"}],"curies":[{"name":"wp","href":"https:\/\/api.w.org\/{rel}","templated":true}]}}