{"id":6234,"date":"2020-11-03T18:29:51","date_gmt":"2020-11-03T17:29:51","guid":{"rendered":"https:\/\/twojaklinika.com.pl\/?page_id=6234"},"modified":"2020-11-03T20:58:50","modified_gmt":"2020-11-03T19:58:50","slug":"raty","status":"publish","type":"page","link":"https:\/\/twojaklinika.com.pl\/index.php\/raty\/","title":{"rendered":"Na raty"},"content":{"rendered":"\n\t<h2>\n\t\t\t\t\tNa raty\n\t\t\t\t<\/h2>\n\t<h2>\n\t\t\t\t\tNa raty:\n\t\t\t\t<\/h2>\n\t\t\t<p>W trosce o komfort naszych Pacjent\u00f3w informujemy, \u017ce wszystkie us\u0142ugi twojej Kliniki mog\u0105 by\u0107 realizowane bez anga\u017cowania \u015brodk\u00f3w finansowanych \u201ez g\u00f3ry\u201d i op\u0142acane w dogodnych ratach.<strong>MediRaty<\/strong> to pierwszy w Polsce, sprawdzony ju\u017c w tysi\u0105cach gabinet\u00f3w, klinik i szpitali, og\u00f3lnie dost\u0119pny system finansowania us\u0142ug medycznych.<\/p><h4><strong>MediRaty to:<\/strong><\/h4><ul><li>gwarancja najni\u017cszej ceny<\/li><li>prosta i szybka procedura<\/li><li>kwot\u0119 finansowania do 50 tys. z\u0142<\/li><\/ul><h4><strong>Jak to dzia\u0142a, czyli krok po kroku:<\/strong><\/h4><ul><li>Lekarz ustala z Tob\u0105 harmonogram i koszt leczenia.<\/li><li>MediRaty kontaktuje si\u0119 z Tob\u0105 telefonicznie, weryfikuje Twoj\u0105 zdolno\u015b\u0107 kredytow\u0105, po czym otrzymujesz ofert\u0119.<\/li><li>Przyje\u017cd\u017ca do Ciebie kurier w celu podpisania umowy.<\/li><li>\u015arodki finansowe s\u0105 przelewane na konto Twojej Kliniki.<\/li><\/ul>\t\t\n\t<h2>\n\t\t\t\t\tAdres:\n\t\t\t\t<\/h2>\n\t\t\t<p><strong>ul. M\u0142ynowa 38 lok 4\/2 <\/strong><strong>tel <br \/>+48 735 969 555<\/strong><\/p>\t\t\n\t<iframe src=\"https:\/\/www.google.com\/maps\/embed\/v1\/place?key=AIzaSyD09zQ9PNDNNy9TadMuzRV_UsPUoWKntt8&#038;q=M%C5%82ynowa+38%2Flok+4%2C+15-404+Bia%C5%82ystok\"><\/iframe>\n","protected":false},"excerpt":{"rendered":"<p>Na raty Na raty: W trosce o komfort naszych Pacjent\u00f3w informujemy, \u017ce wszystkie us\u0142ugi twojej Kliniki mog\u0105 by\u0107 realizowane bez anga\u017cowania \u015brodk\u00f3w finansowanych \u201ez g\u00f3ry\u201d i op\u0142acane w dogodnych ratach.MediRaty to pierwszy w Polsce, sprawdzony ju\u017c w tysi\u0105cach gabinet\u00f3w, klinik i szpitali, og\u00f3lnie dost\u0119pny system finansowania us\u0142ug medycznych. MediRaty to: [&hellip;]<\/p>\n","protected":false},"author":1,"featured_media":0,"parent":0,"menu_order":0,"comment_status":"closed","ping_status":"closed","template":"page-templates\/full-width-bb.php","meta":{"_et_pb_use_builder":"","_et_pb_old_content":"","_et_gb_content_width":"","footnotes":""},"class_list":["post-6234","page","type-page","status-publish","hentry"],"aioseo_notices":[],"_links":{"self":[{"href":"https:\/\/twojaklinika.com.pl\/index.php\/wp-json\/wp\/v2\/pages\/6234","targetHints":{"allow":["GET"]}}],"collection":[{"href":"https:\/\/twojaklinika.com.pl\/index.php\/wp-json\/wp\/v2\/pages"}],"about":[{"href":"https:\/\/twojaklinika.com.pl\/index.php\/wp-json\/wp\/v2\/types\/page"}],"author":[{"embeddable":true,"href":"https:\/\/twojaklinika.com.pl\/index.php\/wp-json\/wp\/v2\/users\/1"}],"replies":[{"embeddable":true,"href":"https:\/\/twojaklinika.com.pl\/index.php\/wp-json\/wp\/v2\/comments?post=6234"}],"version-history":[{"count":8,"href":"https:\/\/twojaklinika.com.pl\/index.php\/wp-json\/wp\/v2\/pages\/6234\/revisions"}],"predecessor-version":[{"id":6244,"href":"https:\/\/twojaklinika.com.pl\/index.php\/wp-json\/wp\/v2\/pages\/6234\/revisions\/6244"}],"wp:attachment":[{"href":"https:\/\/twojaklinika.com.pl\/index.php\/wp-json\/wp\/v2\/media?parent=6234"}],"curies":[{"name":"wp","href":"https:\/\/api.w.org\/{rel}","templated":true}]}}