{"id":6228,"date":"2020-11-03T18:16:26","date_gmt":"2020-11-03T17:16:26","guid":{"rendered":"https:\/\/twojaklinika.com.pl\/?page_id=6228"},"modified":"2022-08-17T12:27:40","modified_gmt":"2022-08-17T10:27:40","slug":"kontakt-4","status":"publish","type":"page","link":"https:\/\/twojaklinika.com.pl\/index.php\/kontakt-4\/","title":{"rendered":"Kontakt"},"content":{"rendered":"\n\n\t<h2>\n\t\t\t\t\tKontakt\n\t\t\t\t<\/h2>\n\t<h2>\n\t\t\t\t\tKontakt:\n\t\t\t\t<\/h2>\n\t\t\t<p><strong>UMAWIANIE TERMIN\u00d3W WIZYT, INFORMACJE NA TEMAT ZABIEG\u00d3W<br \/><\/strong><strong>Rejestracja: ul. M\u0142ynowa 38 lok 4\/2<\/strong><b><br \/><strong>tel. +48 735 969 555<br \/><a href=\"mailto:kontakt@twojaklinika.com.pl\">kontakt@twojaklinika.com.pl<\/a><br \/><\/strong><\/b><strong>poniedzia\u0142ek &#8211; pi\u0105tek<\/strong> \u00a010:00- 18:00<br \/>Na indywidualn\u0105 pro\u015bb\u0119 pacjenta istnieje mo\u017cliwo\u015b\u0107 ustalenia wizyty w sobot\u0119.\u00a0<\/p>\t\t\n\t<h2>\n\t\t\t\t\tAdres:\n\t\t\t\t<\/h2>\n\t\t\t<p><strong>ul. M\u0142ynowa 38 lok 4\/2 <\/strong><strong>tel <br \/>+48 735 969 555<\/strong><\/p>\t\t\n\t<iframe src=\"https:\/\/www.google.com\/maps\/embed\/v1\/place?key=AIzaSyD09zQ9PNDNNy9TadMuzRV_UsPUoWKntt8&#038;q=M%C5%82ynowa+38%2Flok+4%2C+15-404+Bia%C5%82ystok\"><\/iframe>\n\n","protected":false},"excerpt":{"rendered":"<p>Kontakt Kontakt: UMAWIANIE TERMIN\u00d3W WIZYT, INFORMACJE NA TEMAT ZABIEG\u00d3WRejestracja: ul. M\u0142ynowa 38 lok 4\/2tel. +48 735 969 555kontakt@twojaklinika.com.plponiedzia\u0142ek &#8211; pi\u0105tek \u00a010:00- 18:00Na indywidualn\u0105 pro\u015bb\u0119 pacjenta istnieje mo\u017cliwo\u015b\u0107 ustalenia wizyty w sobot\u0119.\u00a0 Adres: ul. M\u0142ynowa 38 lok 4\/2 tel +48 735 969 555<\/p>\n","protected":false},"author":1,"featured_media":0,"parent":0,"menu_order":0,"comment_status":"closed","ping_status":"closed","template":"page-templates\/full-width-bb.php","meta":{"_et_pb_use_builder":"","_et_pb_old_content":"","_et_gb_content_width":"","footnotes":""},"class_list":["post-6228","page","type-page","status-publish","hentry"],"aioseo_notices":[],"_links":{"self":[{"href":"https:\/\/twojaklinika.com.pl\/index.php\/wp-json\/wp\/v2\/pages\/6228","targetHints":{"allow":["GET"]}}],"collection":[{"href":"https:\/\/twojaklinika.com.pl\/index.php\/wp-json\/wp\/v2\/pages"}],"about":[{"href":"https:\/\/twojaklinika.com.pl\/index.php\/wp-json\/wp\/v2\/types\/page"}],"author":[{"embeddable":true,"href":"https:\/\/twojaklinika.com.pl\/index.php\/wp-json\/wp\/v2\/users\/1"}],"replies":[{"embeddable":true,"href":"https:\/\/twojaklinika.com.pl\/index.php\/wp-json\/wp\/v2\/comments?post=6228"}],"version-history":[{"count":7,"href":"https:\/\/twojaklinika.com.pl\/index.php\/wp-json\/wp\/v2\/pages\/6228\/revisions"}],"predecessor-version":[{"id":6618,"href":"https:\/\/twojaklinika.com.pl\/index.php\/wp-json\/wp\/v2\/pages\/6228\/revisions\/6618"}],"wp:attachment":[{"href":"https:\/\/twojaklinika.com.pl\/index.php\/wp-json\/wp\/v2\/media?parent=6228"}],"curies":[{"name":"wp","href":"https:\/\/api.w.org\/{rel}","templated":true}]}}