{"id":5550,"date":"2016-12-03T15:08:37","date_gmt":"2016-12-03T15:08:37","guid":{"rendered":"http:\/\/demo.wpzoom.com\/reel\/?page_id=5550"},"modified":"2024-04-24T21:50:51","modified_gmt":"2024-04-24T19:50:51","slug":"homepage-2","status":"publish","type":"page","link":"https:\/\/twojaklinika.com.pl\/","title":{"rendered":"Homepage"},"content":{"rendered":"\r\n<p>Twoja Klinika to nowoczesne i unikatowe miejsce na mapie Podlasia. Stworzona przez nas oferta uwzgl\u0119dnia najnowocze\u015bniejsze \u015bwiatowe trendy w dziedzinie dermatologii, medycyny estetycznej, chirurgii estetycznej, ginekologii estetycznej oraz kosmetologii. Swoje us\u0142ugi dedykujemy kobietom, m\u0119\u017cczyznom i dzieciom.<\/p>\r\n<p>Proponujemy najskuteczniejsze metody zwalczania oznak starzenia si\u0119 sk\u00f3ry oraz leczenia dokuczliwych schorze\u0144, takich jak: przebarwienia, \u0142uszczyca, czy bielactwo. Nasza oferta obejmuje r\u00f3wnie\u017c usuwanie tatua\u017cy, nawet\u00a0 tych kolorowych.\u00a0<br \/>W swojej ofercie posiadamy r\u00f3wnie\u017c szerok\u0105 gam\u0119 zabieg\u00f3w laseroterapii oraz terapii \u015bwiat\u0142em LED. Nasz\u0105 dewiz\u0105 jest kreowanie pi\u0119kna w zgodzie z nasz\u0105 natur\u0105 i naturalnym wygl\u0105dem.<\/p>\r\n<h2>Nasza oferta<\/h2>\r\n<h2>Zapraszamy do nas<\/h2>\r\n<p>Twoja Klinika korzysta z najbardziej renomowanych preparat\u00f3w oraz skutecznych i nowoczesnych urz\u0105dze\u0144 zabiegowych. Realizowane tu zabiegi oraz urz\u0105dzenia posiadaj\u0105 presti\u017cowe certyfikaty FDA i CE.<br \/>Stawiamy na indywidualne podej\u015bcie do Pacjenta. Ka\u017cdy nasz pacjent otrzymuje indywidualne autorskie protoko\u0142y zabiegowe oraz szczeg\u00f3\u0142owy plan leczenia, a dzi\u0119ki programowi Medi Raty umo\u017cliwiamy roz\u0142o\u017cenie p\u0142atno\u015bci na raty.<br \/>Poza najwy\u017cszej klasy sprz\u0119tem oferujemy Pa\u0144stwu to, co mamy najcenniejsze: wiedz\u0119 i wieloletnie do\u015bwiadczenie naszych specjalist\u00f3w. <a role=\"button\" href=\"https:\/\/twojaklinika.com.pl\/index.php\/kontakt\/\" target=\"_self\" rel=\"noopener\"> Kontakt <\/a><\/p>\r\n<h2>Blog &#8211; Twoja Klinika<\/h2>\r\n<p>Aktualne wpisy z naszego bloga<a title=\"M\u0119\u017cczyzna w Twojej Klinice\" href=\"https:\/\/twojaklinika.com.pl\/index.php\/2020\/11\/25\/mezczyzna-w-twojej-klinice\/\" rel=\"bookmark\"> <img loading=\"lazy\" decoding=\"async\" src=\"https:\/\/twojaklinika.com.pl\/wp-content\/uploads\/2020\/11\/120221566_3131001546997112_6414928644768393745_n-720x400.jpg\" alt=\"\" width=\"720\" height=\"400\" \/> <\/a><\/p>\r\n<h3><a title=\"M\u0119\u017cczyzna w Twojej Klinice\" href=\"https:\/\/twojaklinika.com.pl\/index.php\/2020\/11\/25\/mezczyzna-w-twojej-klinice\/\">M\u0119\u017cczyzna w Twojej Klinice<\/a><\/h3>\r\n<p>25 listopada, 2020<a title=\"Black Friday w Twojej Klinice\" href=\"https:\/\/twojaklinika.com.pl\/index.php\/2020\/11\/24\/black-friday-w-twojej-klinice\/\" rel=\"bookmark\"> <img loading=\"lazy\" decoding=\"async\" src=\"https:\/\/twojaklinika.com.pl\/wp-content\/uploads\/2020\/11\/127173629_3294549403975658_486635615348774829_o-526x400.jpg\" alt=\"\" width=\"526\" height=\"400\" \/> <\/a><\/p>\r\n<h3><a title=\"Black Friday w Twojej Klinice\" href=\"https:\/\/twojaklinika.com.pl\/index.php\/2020\/11\/24\/black-friday-w-twojej-klinice\/\">Black Friday w Twojej Klinice<\/a><\/h3>\r\n<p>24 listopada, 2020<a title=\"Dbamy o Wasze bezpiecze\u0144stwo Kochani!\" href=\"https:\/\/twojaklinika.com.pl\/index.php\/2020\/11\/23\/dbamy-o-wasze-bezpieczenstwo-kochani\/\" rel=\"bookmark\"> <img loading=\"lazy\" decoding=\"async\" src=\"https:\/\/twojaklinika.com.pl\/wp-content\/uploads\/2020\/11\/122540387_3210713405692592_266050103750534382_o-720x400.jpg\" alt=\"\" width=\"720\" height=\"400\" \/> <\/a><\/p>\r\n<h3><a title=\"Dbamy o Wasze bezpiecze\u0144stwo Kochani!\" href=\"https:\/\/twojaklinika.com.pl\/index.php\/2020\/11\/23\/dbamy-o-wasze-bezpieczenstwo-kochani\/\">Dbamy o Wasze bezpiecze\u0144stwo Kochani!<\/a><\/h3>\r\n<p>23 listopada, 2020 <img loading=\"lazy\" decoding=\"async\" title=\"polme-logo\" src=\"https:\/\/twojaklinika.com.pl\/wp-content\/uploads\/2020\/12\/polme-logo.png\" alt=\"polme-logo\" width=\"202\" height=\"197\" \/><\/p>\r\n","protected":false},"excerpt":{"rendered":"<p>Twoja Klinika to nowoczesne i unikatowe miejsce na mapie Podlasia. Stworzona przez nas oferta uwzgl\u0119dnia najnowocze\u015bniejsze \u015bwiatowe trendy w dziedzinie dermatologii, medycyny estetycznej, chirurgii estetycznej, ginekologii estetycznej oraz kosmetologii. Swoje us\u0142ugi dedykujemy kobietom, m\u0119\u017cczyznom i dzieciom. Proponujemy najskuteczniejsze metody zwalczania oznak starzenia si\u0119 sk\u00f3ry oraz leczenia dokuczliwych schorze\u0144, takich jak: [&hellip;]<\/p>\n","protected":false},"author":1,"featured_media":0,"parent":0,"menu_order":0,"comment_status":"closed","ping_status":"closed","template":"page-templates\/homepage-builder-bb.php","meta":{"_et_pb_use_builder":"off","_et_pb_old_content":"","_et_gb_content_width":"","footnotes":""},"class_list":["post-5550","page","type-page","status-publish","hentry"],"aioseo_notices":[],"_links":{"self":[{"href":"https:\/\/twojaklinika.com.pl\/index.php\/wp-json\/wp\/v2\/pages\/5550","targetHints":{"allow":["GET"]}}],"collection":[{"href":"https:\/\/twojaklinika.com.pl\/index.php\/wp-json\/wp\/v2\/pages"}],"about":[{"href":"https:\/\/twojaklinika.com.pl\/index.php\/wp-json\/wp\/v2\/types\/page"}],"author":[{"embeddable":true,"href":"https:\/\/twojaklinika.com.pl\/index.php\/wp-json\/wp\/v2\/users\/1"}],"replies":[{"embeddable":true,"href":"https:\/\/twojaklinika.com.pl\/index.php\/wp-json\/wp\/v2\/comments?post=5550"}],"version-history":[{"count":22,"href":"https:\/\/twojaklinika.com.pl\/index.php\/wp-json\/wp\/v2\/pages\/5550\/revisions"}],"predecessor-version":[{"id":6736,"href":"https:\/\/twojaklinika.com.pl\/index.php\/wp-json\/wp\/v2\/pages\/5550\/revisions\/6736"}],"wp:attachment":[{"href":"https:\/\/twojaklinika.com.pl\/index.php\/wp-json\/wp\/v2\/media?parent=5550"}],"curies":[{"name":"wp","href":"https:\/\/api.w.org\/{rel}","templated":true}]}}